{"id":860,"date":"2019-11-13T14:51:00","date_gmt":"2019-11-13T13:51:00","guid":{"rendered":"http:\/\/biosedev.com\/?page_id=860"},"modified":"2020-03-12T17:48:09","modified_gmt":"2020-03-12T16:48:09","slug":"mentions-legales","status":"publish","type":"page","link":"https:\/\/biosedev.com\/index.php\/mentions-legales\/","title":{"rendered":"Mentions L\u00e9gales"},"content":{"rendered":"<p style=\"margin-bottom: .0001pt; line-height: normal;\"><b>Raison sociale&nbsp;:&nbsp;<\/b>BIOSEDEV<\/p>\n<p style=\"margin-bottom: .0001pt; line-height: normal;\"><b>Num\u00e9ro Siren&nbsp;:&nbsp;<\/b>878496959<\/p>\n<p style=\"margin-bottom: .0001pt; line-height: normal;\"><b>Num\u00e9ro Siret&nbsp;:&nbsp;<\/b>87849695900015&nbsp;(si\u00e8ge de l&#8217;entreprise)<\/p>\n<p style=\"margin-bottom: .0001pt; line-height: normal;\"><b>Num\u00e9ro TVA intracommunautaire :&nbsp;<\/b>FR16878496959<\/p>\n<p style=\"margin-bottom: .0001pt; line-height: normal;\"><b>Greffe :&nbsp;<\/b>RCS Poitiers<\/p>\n<p style=\"margin-bottom: .0001pt; line-height: normal;\"><b>Code NAF \/APE :&nbsp;&nbsp;<\/b>7112B<\/p>\n<p style=\"margin-bottom: .0001pt; line-height: normal;\"><b>Forme juridique&nbsp;:&nbsp;<\/b>SAS, soci\u00e9t\u00e9 par actions simplifi\u00e9e<\/p>\n<p style=\"margin-bottom: .0001pt; line-height: normal;\"><b>Date d&#8217;immatriculation&nbsp;:&nbsp;<\/b>01\/10\/2019<\/p>\n<p style=\"margin-bottom: .0001pt; line-height: normal;\"><b>Commune d&#8217;implantation&nbsp;:&nbsp;<\/b>POITIERS<\/p>\n","protected":false},"excerpt":{"rendered":"<p>Raison sociale&nbsp;:&nbsp;BIOSEDEV Num\u00e9ro Siren&nbsp;:&nbsp;878496959 Num\u00e9ro Siret&nbsp;:&nbsp;87849695900015&nbsp;(si\u00e8ge de l&#8217;entreprise) Num\u00e9ro TVA intracommunautaire :&nbsp;FR16878496959 Greffe :&nbsp;RCS Poitiers Code NAF \/APE :&nbsp;&nbsp;7112B Forme juridique&nbsp;:&nbsp;SAS, soci\u00e9t\u00e9 par actions simplifi\u00e9e Date d&#8217;immatriculation&nbsp;:&nbsp;01\/10\/2019 Commune d&#8217;implantation&nbsp;:&nbsp;POITIERS<\/p>\n","protected":false},"author":1,"featured_media":0,"parent":0,"menu_order":0,"comment_status":"closed","ping_status":"closed","template":"","meta":[],"_links":{"self":[{"href":"https:\/\/biosedev.com\/index.php\/wp-json\/wp\/v2\/pages\/860"}],"collection":[{"href":"https:\/\/biosedev.com\/index.php\/wp-json\/wp\/v2\/pages"}],"about":[{"href":"https:\/\/biosedev.com\/index.php\/wp-json\/wp\/v2\/types\/page"}],"author":[{"embeddable":true,"href":"https:\/\/biosedev.com\/index.php\/wp-json\/wp\/v2\/users\/1"}],"replies":[{"embeddable":true,"href":"https:\/\/biosedev.com\/index.php\/wp-json\/wp\/v2\/comments?post=860"}],"version-history":[{"count":4,"href":"https:\/\/biosedev.com\/index.php\/wp-json\/wp\/v2\/pages\/860\/revisions"}],"predecessor-version":[{"id":867,"href":"https:\/\/biosedev.com\/index.php\/wp-json\/wp\/v2\/pages\/860\/revisions\/867"}],"wp:attachment":[{"href":"https:\/\/biosedev.com\/index.php\/wp-json\/wp\/v2\/media?parent=860"}],"curies":[{"name":"wp","href":"https:\/\/api.w.org\/{rel}","templated":true}]}}